{"id":958,"date":"2022-04-05T13:02:16","date_gmt":"2022-04-05T10:02:16","guid":{"rendered":"https:\/\/assamangal.com\/yeni\/?page_id=958"},"modified":"2022-04-16T07:52:01","modified_gmt":"2022-04-16T04:52:01","slug":"komur-cesitleri","status":"publish","type":"page","link":"https:\/\/assamangal.com\/?page_id=958","title":{"rendered":"K\u00f6m\u00fcr \u00c7e\u015fitleri"},"content":{"rendered":"<section class=\"kc-elm kc-css-649233 kc_row\"><div class=\"kc-row-container\"><div class=\"kc-wrap-columns\"><div class=\"kc-elm kc-css-84468 kc_col-sm-12 kc_column kc_col-sm-12\"><div class=\"kc-col-container\">\r\n<!--Market Section Four-->\r\n<section class=\"market-section-four\">\r\n    <div class=\"auto-container\">\r\n\r\n                <div class=\"row clearfix\">\r\n                            <!--Market Block-->\r\n                <div class=\"market-block-four col-lg-3 col-md-6 col-sm-6 col-xs-12\">\r\n                    <div class=\"inner-box\">\r\n                        <div class=\"image\">\r\n                            <a href=\"\">\r\n                                <img loading=\"lazy\" decoding=\"async\" width=\"270\" height=\"240\" src=\"https:\/\/assamangal.com\/wp-content\/uploads\/2018\/09\/01-poset-mese-komuru900gr.png-270x240.jpg\" class=\"img-responsive wp-post-image\" alt=\"\" \/>                            <\/a>\r\n                        <\/div>\r\n                        <div class=\"lower-content\">\r\n                            <div class=\"icon-box\">\r\n                                <span class=\"icon \"><\/span>\r\n                            <\/div>\r\n                            <h3><a href=\"\">Po\u015fet Me\u015fe K\u00f6m\u00fcr\u00fc 900gr<\/a><\/h3>\r\n                            <div class=\"text\"><\/div>\r\n                            <a class=\"link-box\" href=\"\">0312 350 02 78 <span class=\"icon flaticon-arrow-pointing-to-right\"><\/span><\/a>\r\n                        <\/div>\r\n                    <\/div>\r\n                <\/div>\r\n\r\n                            <!--Market Block-->\r\n                <div class=\"market-block-four col-lg-3 col-md-6 col-sm-6 col-xs-12\">\r\n                    <div class=\"inner-box\">\r\n                        <div class=\"image\">\r\n                            <a href=\"\">\r\n                                <img loading=\"lazy\" decoding=\"async\" width=\"270\" height=\"240\" src=\"https:\/\/assamangal.com\/wp-content\/uploads\/2022\/04\/2-LIK-CANTA-MESE-KOMURU-270x240.jpg\" class=\"img-responsive wp-post-image\" alt=\"\" \/>                            <\/a>\r\n                        <\/div>\r\n                        <div class=\"lower-content\">\r\n                            <div class=\"icon-box\">\r\n                                <span class=\"icon \"><\/span>\r\n                            <\/div>\r\n                            <h3><a href=\"\">2 Lik \u00c7anta Me\u015fe K\u00f6m\u00fcr\u00fc 1700gr<\/a><\/h3>\r\n                            <div class=\"text\"><\/div>\r\n                            <a class=\"link-box\" href=\"\">0312 350 02 78 <span class=\"icon flaticon-arrow-pointing-to-right\"><\/span><\/a>\r\n                        <\/div>\r\n                    <\/div>\r\n                <\/div>\r\n\r\n                            <!--Market Block-->\r\n                <div class=\"market-block-four col-lg-3 col-md-6 col-sm-6 col-xs-12\">\r\n                    <div class=\"inner-box\">\r\n                        <div class=\"image\">\r\n                            <a href=\"\">\r\n                                <img loading=\"lazy\" decoding=\"async\" width=\"270\" height=\"240\" src=\"https:\/\/assamangal.com\/wp-content\/uploads\/2022\/04\/1-LIK-KUTU-MESE-KOMURU-270x240.jpg\" class=\"img-responsive wp-post-image\" alt=\"\" \/>                            <\/a>\r\n                        <\/div>\r\n                        <div class=\"lower-content\">\r\n                            <div class=\"icon-box\">\r\n                                <span class=\"icon \"><\/span>\r\n                            <\/div>\r\n                            <h3><a href=\"\">1 Lik Kutu Me\u015fe K\u00f6m\u00fcr\u00fc 900gr<\/a><\/h3>\r\n                            <div class=\"text\"><\/div>\r\n                            <a class=\"link-box\" href=\"\">0312 350 02 78 <span class=\"icon flaticon-arrow-pointing-to-right\"><\/span><\/a>\r\n                        <\/div>\r\n                    <\/div>\r\n                <\/div>\r\n\r\n                            <!--Market Block-->\r\n                <div class=\"market-block-four col-lg-3 col-md-6 col-sm-6 col-xs-12\">\r\n                    <div class=\"inner-box\">\r\n                        <div class=\"image\">\r\n                            <a href=\"\">\r\n                                <img loading=\"lazy\" decoding=\"async\" width=\"270\" height=\"240\" src=\"https:\/\/assamangal.com\/wp-content\/uploads\/2022\/04\/15-LUK-KUTU-MESE-KOMURU.psd-270x240.jpg\" class=\"img-responsive wp-post-image\" alt=\"\" \/>                            <\/a>\r\n                        <\/div>\r\n                        <div class=\"lower-content\">\r\n                            <div class=\"icon-box\">\r\n                                <span class=\"icon \"><\/span>\r\n                            <\/div>\r\n                            <h3><a href=\"\">1,5 Luk Kutu Me\u015fe K\u00f6m\u00fcr\u00fc 1400gr<\/a><\/h3>\r\n                            <div class=\"text\"><\/div>\r\n                            <a class=\"link-box\" href=\"\">0312 350 02 78 <span class=\"icon flaticon-arrow-pointing-to-right\"><\/span><\/a>\r\n                        <\/div>\r\n                    <\/div>\r\n                <\/div>\r\n\r\n                            <!--Market Block-->\r\n                <div class=\"market-block-four col-lg-3 col-md-6 col-sm-6 col-xs-12\">\r\n                    <div class=\"inner-box\">\r\n                        <div class=\"image\">\r\n                            <a href=\"\">\r\n                                <img loading=\"lazy\" decoding=\"async\" width=\"270\" height=\"240\" src=\"https:\/\/assamangal.com\/wp-content\/uploads\/2022\/04\/Prejtij-Mese-Komuru-2000kg-270x240.jpg\" class=\"img-responsive wp-post-image\" alt=\"\" \/>                            <\/a>\r\n                        <\/div>\r\n                        <div class=\"lower-content\">\r\n                            <div class=\"icon-box\">\r\n                                <span class=\"icon \"><\/span>\r\n                            <\/div>\r\n                            <h3><a href=\"\">Prestij Me\u015fe K\u00f6m\u00fcr\u00fc 2000gr<\/a><\/h3>\r\n                            <div class=\"text\"><\/div>\r\n                            <a class=\"link-box\" href=\"\">0312 350 02 78 <span class=\"icon flaticon-arrow-pointing-to-right\"><\/span><\/a>\r\n                        <\/div>\r\n                    <\/div>\r\n                <\/div>\r\n\r\n                            <!--Market Block-->\r\n                <div class=\"market-block-four col-lg-3 col-md-6 col-sm-6 col-xs-12\">\r\n                    <div class=\"inner-box\">\r\n                        <div class=\"image\">\r\n                            <a href=\"\">\r\n                                <img loading=\"lazy\" decoding=\"async\" width=\"270\" height=\"240\" src=\"https:\/\/assamangal.com\/wp-content\/uploads\/2022\/04\/25-Luk-Kutu-Mese-Komuru-2500gr-1-270x240.jpg\" class=\"img-responsive wp-post-image\" alt=\"\" \/>                            <\/a>\r\n                        <\/div>\r\n                        <div class=\"lower-content\">\r\n                            <div class=\"icon-box\">\r\n                                <span class=\"icon \"><\/span>\r\n                            <\/div>\r\n                            <h3><a href=\"\">2,5 Luk Kutu Me\u015fe K\u00f6m\u00fcr\u00fc 2500gr<\/a><\/h3>\r\n                            <div class=\"text\"><\/div>\r\n                            <a class=\"link-box\" href=\"\">0312 350 02 78 <span class=\"icon flaticon-arrow-pointing-to-right\"><\/span><\/a>\r\n                        <\/div>\r\n                    <\/div>\r\n                <\/div>\r\n\r\n                            <!--Market Block-->\r\n                <div class=\"market-block-four col-lg-3 col-md-6 col-sm-6 col-xs-12\">\r\n                    <div class=\"inner-box\">\r\n                        <div class=\"image\">\r\n                            <a href=\"\">\r\n                                <img loading=\"lazy\" decoding=\"async\" width=\"270\" height=\"240\" src=\"https:\/\/assamangal.com\/wp-content\/uploads\/2022\/04\/Pratik-Mangal-650gr-270x240.jpg\" class=\"img-responsive wp-post-image\" alt=\"\" \/>                            <\/a>\r\n                        <\/div>\r\n                        <div class=\"lower-content\">\r\n                            <div class=\"icon-box\">\r\n                                <span class=\"icon \"><\/span>\r\n                            <\/div>\r\n                            <h3><a href=\"\">Pratik Mangal 650gr<\/a><\/h3>\r\n                            <div class=\"text\"><\/div>\r\n                            <a class=\"link-box\" href=\"\">0312 350 02 78 <span class=\"icon flaticon-arrow-pointing-to-right\"><\/span><\/a>\r\n                        <\/div>\r\n                    <\/div>\r\n                <\/div>\r\n\r\n                            <!--Market Block-->\r\n                <div class=\"market-block-four col-lg-3 col-md-6 col-sm-6 col-xs-12\">\r\n                    <div class=\"inner-box\">\r\n                        <div class=\"image\">\r\n                            <a href=\"\">\r\n                                <img loading=\"lazy\" decoding=\"async\" width=\"270\" height=\"240\" src=\"https:\/\/assamangal.com\/wp-content\/uploads\/2022\/04\/Elleme-Mese-Komuru-5000gr-270x240.jpg\" class=\"img-responsive wp-post-image\" alt=\"\" \/>                            <\/a>\r\n                        <\/div>\r\n                        <div class=\"lower-content\">\r\n                            <div class=\"icon-box\">\r\n                                <span class=\"icon \"><\/span>\r\n                            <\/div>\r\n                            <h3><a href=\"\">Elleme Me\u015fe K\u00f6m\u00fcr\u00fc 5000gr<\/a><\/h3>\r\n                            <div class=\"text\"><\/div>\r\n                            <a class=\"link-box\" href=\"\">0312 350 02 78 <span class=\"icon flaticon-arrow-pointing-to-right\"><\/span><\/a>\r\n                        <\/div>\r\n                    <\/div>\r\n                <\/div>\r\n\r\n                            <!--Market Block-->\r\n                <div class=\"market-block-four col-lg-3 col-md-6 col-sm-6 col-xs-12\">\r\n                    <div class=\"inner-box\">\r\n                        <div class=\"image\">\r\n                            <a href=\"\">\r\n                                <img loading=\"lazy\" decoding=\"async\" width=\"270\" height=\"240\" src=\"https:\/\/assamangal.com\/wp-content\/uploads\/2022\/04\/Izgaralik-Elleme-Mese-Komuru-10000gr-270x240.jpg\" class=\"img-responsive wp-post-image\" alt=\"\" \/>                            <\/a>\r\n                        <\/div>\r\n                        <div class=\"lower-content\">\r\n                            <div class=\"icon-box\">\r\n                                <span class=\"icon \"><\/span>\r\n                            <\/div>\r\n                            <h3><a href=\"\">Izgaral\u0131k Elleme Me\u015fe K\u00f6m\u00fcr\u00fc 10000gr<\/a><\/h3>\r\n                            <div class=\"text\"><\/div>\r\n                            <a class=\"link-box\" href=\"\">0312 350 02 78 <span class=\"icon flaticon-arrow-pointing-to-right\"><\/span><\/a>\r\n                        <\/div>\r\n                    <\/div>\r\n                <\/div>\r\n\r\n                            <!--Market Block-->\r\n                <div class=\"market-block-four col-lg-3 col-md-6 col-sm-6 col-xs-12\">\r\n                    <div class=\"inner-box\">\r\n                        <div class=\"image\">\r\n                            <a href=\"\">\r\n                                <img loading=\"lazy\" decoding=\"async\" width=\"270\" height=\"240\" src=\"https:\/\/assamangal.com\/wp-content\/uploads\/2022\/04\/Pratik-Keyif-Pres-Kutu-2000gr-270x240.jpg\" class=\"img-responsive wp-post-image\" alt=\"\" \/>                            <\/a>\r\n                        <\/div>\r\n                        <div class=\"lower-content\">\r\n                            <div class=\"icon-box\">\r\n                                <span class=\"icon \"><\/span>\r\n                            <\/div>\r\n                            <h3><a href=\"\">Pratik Keyif Pres Kutu 2000gr<\/a><\/h3>\r\n                            <div class=\"text\"><\/div>\r\n                            <a class=\"link-box\" href=\"\">0312 350 02 78 <span class=\"icon flaticon-arrow-pointing-to-right\"><\/span><\/a>\r\n                        <\/div>\r\n                    <\/div>\r\n                <\/div>\r\n\r\n                            <!--Market Block-->\r\n                <div class=\"market-block-four col-lg-3 col-md-6 col-sm-6 col-xs-12\">\r\n                    <div class=\"inner-box\">\r\n                        <div class=\"image\">\r\n                            <a href=\"\">\r\n                                <img loading=\"lazy\" decoding=\"async\" width=\"270\" height=\"240\" src=\"https:\/\/assamangal.com\/wp-content\/uploads\/2022\/04\/Elleme-Mese-Komuru-20000gr-270x240.jpg\" class=\"img-responsive wp-post-image\" alt=\"\" \/>                            <\/a>\r\n                        <\/div>\r\n                        <div class=\"lower-content\">\r\n                            <div class=\"icon-box\">\r\n                                <span class=\"icon \"><\/span>\r\n                            <\/div>\r\n                            <h3><a href=\"\">Elleme Me\u015fe K\u00f6m\u00fcr\u00fc 20000gr<\/a><\/h3>\r\n                            <div class=\"text\"><\/div>\r\n                            <a class=\"link-box\" href=\"\">0312 350 02 78 <span class=\"icon flaticon-arrow-pointing-to-right\"><\/span><\/a>\r\n                        <\/div>\r\n                    <\/div>\r\n                <\/div>\r\n\r\n                            <!--Market Block-->\r\n                <div class=\"market-block-four col-lg-3 col-md-6 col-sm-6 col-xs-12\">\r\n                    <div class=\"inner-box\">\r\n                        <div class=\"image\">\r\n                            <a href=\"\">\r\n                                <img loading=\"lazy\" decoding=\"async\" width=\"270\" height=\"240\" src=\"https:\/\/assamangal.com\/wp-content\/uploads\/2022\/04\/Sikma-Komur-2000kg-270x240.jpg\" class=\"img-responsive wp-post-image\" alt=\"\" \/>                            <\/a>\r\n                        <\/div>\r\n                        <div class=\"lower-content\">\r\n                            <div class=\"icon-box\">\r\n                                <span class=\"icon \"><\/span>\r\n                            <\/div>\r\n                            <h3><a href=\"\">Elmas S\u0131kma K\u00f6m\u00fcr 2000gr<\/a><\/h3>\r\n                            <div class=\"text\"><\/div>\r\n                            <a class=\"link-box\" href=\"\">0312 350 02 78 <span class=\"icon flaticon-arrow-pointing-to-right\"><\/span><\/a>\r\n                        <\/div>\r\n                    <\/div>\r\n                <\/div>\r\n\r\n                            <!--Market Block-->\r\n                <div class=\"market-block-four col-lg-3 col-md-6 col-sm-6 col-xs-12\">\r\n                    <div class=\"inner-box\">\r\n                        <div class=\"image\">\r\n                            <a href=\"\">\r\n                                <img loading=\"lazy\" decoding=\"async\" width=\"270\" height=\"240\" src=\"https:\/\/assamangal.com\/wp-content\/uploads\/2022\/04\/Preslenmis-Ithal-Izgaralik-Sikma-Komur-270x240.jpg\" class=\"img-responsive wp-post-image\" alt=\"\" \/>                            <\/a>\r\n                        <\/div>\r\n                        <div class=\"lower-content\">\r\n                            <div class=\"icon-box\">\r\n                                <span class=\"icon \"><\/span>\r\n                            <\/div>\r\n                            <h3><a href=\"\">Preslenmi\u015f \u0130thal Izgaral\u0131k S\u0131kma K\u00f6m\u00fcr<\/a><\/h3>\r\n                            <div class=\"text\"><\/div>\r\n                            <a class=\"link-box\" href=\"\">0312 350 02 78 <span class=\"icon flaticon-arrow-pointing-to-right\"><\/span><\/a>\r\n                        <\/div>\r\n                    <\/div>\r\n                <\/div>\r\n\r\n                            <!--Market Block-->\r\n                <div class=\"market-block-four col-lg-3 col-md-6 col-sm-6 col-xs-12\">\r\n                    <div class=\"inner-box\">\r\n                        <div class=\"image\">\r\n                            <a href=\"\">\r\n                                <img loading=\"lazy\" decoding=\"async\" width=\"270\" height=\"240\" src=\"https:\/\/assamangal.com\/wp-content\/uploads\/2022\/04\/Has-Mangal-Komuru-1400gr-270x240.jpg\" class=\"img-responsive wp-post-image\" alt=\"\" \/>                            <\/a>\r\n                        <\/div>\r\n                        <div class=\"lower-content\">\r\n                            <div class=\"icon-box\">\r\n                                <span class=\"icon \"><\/span>\r\n                            <\/div>\r\n                            <h3><a href=\"\">Has Mangal K\u00f6m\u00fcr\u00fc 1400gr<\/a><\/h3>\r\n                            <div class=\"text\"><\/div>\r\n                            <a class=\"link-box\" href=\"\">0312 350 02 78 <span class=\"icon flaticon-arrow-pointing-to-right\"><\/span><\/a>\r\n                        <\/div>\r\n                    <\/div>\r\n                <\/div>\r\n\r\n            \r\n        <\/div>\r\n\r\n        \r\n    <\/div>\r\n<\/section>\r\n<!--End Market Section Four-->\r\n\r\n<\/div><\/div><\/div><\/div><\/section>\n","protected":false},"excerpt":{"rendered":"","protected":false},"author":1,"featured_media":0,"parent":0,"menu_order":0,"comment_status":"closed","ping_status":"closed","template":"tpl-king_composer.php","meta":{"footnotes":""},"class_list":["post-958","page","type-page","status-publish","hentry"],"_links":{"self":[{"href":"https:\/\/assamangal.com\/index.php?rest_route=\/wp\/v2\/pages\/958","targetHints":{"allow":["GET"]}}],"collection":[{"href":"https:\/\/assamangal.com\/index.php?rest_route=\/wp\/v2\/pages"}],"about":[{"href":"https:\/\/assamangal.com\/index.php?rest_route=\/wp\/v2\/types\/page"}],"author":[{"embeddable":true,"href":"https:\/\/assamangal.com\/index.php?rest_route=\/wp\/v2\/users\/1"}],"replies":[{"embeddable":true,"href":"https:\/\/assamangal.com\/index.php?rest_route=%2Fwp%2Fv2%2Fcomments&post=958"}],"version-history":[{"count":9,"href":"https:\/\/assamangal.com\/index.php?rest_route=\/wp\/v2\/pages\/958\/revisions"}],"predecessor-version":[{"id":1208,"href":"https:\/\/assamangal.com\/index.php?rest_route=\/wp\/v2\/pages\/958\/revisions\/1208"}],"wp:attachment":[{"href":"https:\/\/assamangal.com\/index.php?rest_route=%2Fwp%2Fv2%2Fmedia&parent=958"}],"curies":[{"name":"wp","href":"https:\/\/api.w.org\/{rel}","templated":true}]}}