{"id":853,"date":"2018-04-21T08:39:48","date_gmt":"2018-04-21T08:39:48","guid":{"rendered":"http:\/\/wp3.commonsupport.com\/newwp\/metron\/?page_id=7"},"modified":"2022-04-05T17:43:00","modified_gmt":"2022-04-05T14:43:00","slug":"homepage-01","status":"publish","type":"page","link":"https:\/\/assamangal.com\/","title":{"rendered":"Anasayfa"},"content":{"rendered":"<p><section class=\"kc-elm kc-css-734517 kc_row\"><div class=\"kc-row-container\"><div class=\"kc-wrap-columns\"><div class=\"kc-elm kc-css-17884 kc_col-sm-12 kc_column kc_col-sm-12\"><div class=\"kc-col-container\">\r\n\t<!--Main Slider-->\r\n\t<div class=\"main-slide updatedr\">\r\n    \t\n\t\t\t<!-- START Home REVOLUTION SLIDER 6.5.14 --><p class=\"rs-p-wp-fix\"><\/p>\n\t\t\t<rs-module-wrap id=\"rev_slider_1_1_wrapper\" data-source=\"gallery\" style=\"visibility:hidden;background:transparent;padding:0;margin:0px auto;margin-top:0;margin-bottom:0;\">\n\t\t\t\t<rs-module id=\"rev_slider_1_1\" class=\" rs-ov-hidden\" style=\"\" data-version=\"6.5.14\">\n\t\t\t\t\t<rs-slides>\n\t\t\t\t\t\t<rs-slide style=\"position: absolute;\" data-key=\"rs-1\" data-title=\"Slide\" data-in=\"o:0;\" data-out=\"a:false;\">\n\t\t\t\t\t\t\t<img loading=\"lazy\" decoding=\"async\" src=\"\/\/assamangal.com\/wp-content\/plugins\/revslider\/public\/assets\/assets\/dummy.png\" alt=\"\" title=\"assamangal-min\" width=\"2560\" height=\"1714\" class=\"rev-slidebg tp-rs-img rs-lazyload\" data-lazyload=\"\/\/assamangal.com\/wp-content\/uploads\/2022\/04\/assamangal-min-scaled.jpg\" data-no-retina>\n<!---->\t\t\t\t\t\t<\/rs-slide>\n\t\t\t\t\t<\/rs-slides>\n\t\t\t\t<\/rs-module>\n\t\t\t\t<script>\n\t\t\t\t\tsetREVStartSize({c: 'rev_slider_1_1',rl:[1240,1024,778,480],el:[720,700,650,600],gw:[1240,1024,767,479],gh:[720,700,650,600],type:'standard',justify:'',layout:'fullwidth',mh:\"0\"});if (window.RS_MODULES!==undefined && window.RS_MODULES.modules!==undefined && window.RS_MODULES.modules[\"revslider11\"]!==undefined) {window.RS_MODULES.modules[\"revslider11\"].once = false;window.revapi1 = undefined;if (window.RS_MODULES.checkMinimal!==undefined) window.RS_MODULES.checkMinimal()}\n\t\t\t\t<\/script>\n\t\t\t<\/rs-module-wrap>\n\t\t\t<!-- END REVOLUTION SLIDER -->\n    <\/div>\r\n\r\n<\/div><\/div><\/div><\/div><\/section><section class=\"kc-elm kc-css-177528 kc_row\"><div class=\"kc-row-container\"><div class=\"kc-wrap-columns\"><div class=\"kc-elm kc-css-797533 kc_col-sm-12 kc_column kc_col-sm-12\"><div class=\"kc-col-container\"><!--About Section-->\r\n<section class=\"about-section\">\r\n    <div class=\"auto-container\">\r\n        <div class=\"row clearfix\">\r\n\r\n            <!--Content Column-->\r\n            <div class=\"content-column col-md-8 col-sm-12 col-xs-12\">\r\n                <div class=\"inner-column\">\r\n                    <div class=\"sec-title\">\r\n                        <h2>Hakk\u0131m\u0131zda<\/h2>\r\n                        <div class=\"separator\"><\/div>\r\n                    <\/div>\r\n                    <div class=\"bold-text\">Yasin Il\u0131ta\u015f, 1976 y\u0131l\u0131nda kurulup soba ve mangal \u00fcretimi yapmaya ba\u015flam\u0131\u015ft\u0131r.<\/div>\r\n                    <div class=\"text\">Firmam\u0131z kurulmu\u015f oldu\u011fu g\u00fcnden bug\u00fcne, \u00e7a\u011fa ve teknolojiye ayak uydurarak siz de\u011ferli m\u00fc\u015fterilerimizin hizmetine devam etmektedir. M\u00fc\u015fterilerinin ihtiya\u00e7lar\u0131 do\u011frultusunda daha iyi hizmet verebilmek i\u00e7in her ge\u00e7en g\u00fcn kendini yenileyerek ve g\u00fcc\u00fcne g\u00fc\u00e7 katarak ilerlemektedir. 2009 y\u0131l\u0131nda b\u00fcnyesine Assa mangal k\u00f6m\u00fcrlerini de ilave eden firmam\u0131z, kendi sekt\u00f6r\u00fcnde hat\u0131r\u0131 say\u0131l\u0131r bir yer edinmi\u015ftir. Markalar\u0131m\u0131z; Il\u0131ta\u015f Soba, Assa Mangal<\/div>\r\n                   \r\n                                        <div class=\"fact-counter\">\r\n                        <div class=\"row clearfix\">\r\n\t\t\t\t\t\t\t                            \t<div class=\"column counter-column col-md-4 col-sm-6 col-xs-12\">\r\n                                    <div class=\"inner\">\r\n                                        <div class=\"content\">\r\n                                            <div class=\"count-outer count-box\">\r\n                                                <div class=\"icon-box\"><span class=\"icon fa-users\"><\/span><\/div>\r\n                                                <span class=\"count-text\" data-speed=\"2500\" data-stop=\"1800\">0<\/span>                                            <\/div>\r\n                                            <h4 class=\"counter-title\">M\u00fc\u015fteri<\/h4>\r\n                                        <\/div>\r\n                                    <\/div>\r\n                                <\/div>\r\n\t\t\t\t\t\t\t                            \t<div class=\"column counter-column col-md-4 col-sm-6 col-xs-12\">\r\n                                    <div class=\"inner\">\r\n                                        <div class=\"content\">\r\n                                            <div class=\"count-outer count-box\">\r\n                                                <div class=\"icon-box\"><span class=\"icon fa-barcode\"><\/span><\/div>\r\n                                                <span class=\"count-text\" data-speed=\"2500\" data-stop=\"750\">0<\/span>                                            <\/div>\r\n                                            <h4 class=\"counter-title\">\u00dcr\u00fcn Yelpazesi<\/h4>\r\n                                        <\/div>\r\n                                    <\/div>\r\n                                <\/div>\r\n\t\t\t\t\t\t\t                            \t<div class=\"column counter-column col-md-4 col-sm-6 col-xs-12\">\r\n                                    <div class=\"inner\">\r\n                                        <div class=\"content\">\r\n                                            <div class=\"count-outer count-box\">\r\n                                                <div class=\"icon-box\"><span class=\"icon fa-suitcase\"><\/span><\/div>\r\n                                                <span class=\"count-text\" data-speed=\"2500\" data-stop=\"46\">0<\/span>                                            <\/div>\r\n                                            <h4 class=\"counter-title\">Y\u0131ll\u0131k Deneyim<\/h4>\r\n                                        <\/div>\r\n                                    <\/div>\r\n                                <\/div>\r\n\t\t\t\t\t\t\t                    \t<\/div>\r\n                    <\/div>\r\n\t\t\t\t\t                   \r\n                <\/div>\r\n            <\/div>\r\n            \r\n                        \r\n        <\/div>\r\n    <\/div>\r\n<\/section>\r\n<!--End About Section--><\/div><\/div><\/div><\/div><\/section><\/p>\n","protected":false},"excerpt":{"rendered":"","protected":false},"author":1,"featured_media":0,"parent":0,"menu_order":0,"comment_status":"closed","ping_status":"closed","template":"tpl-king_composer.php","meta":{"footnotes":""},"class_list":["post-853","page","type-page","status-publish","hentry"],"_links":{"self":[{"href":"https:\/\/assamangal.com\/index.php?rest_route=\/wp\/v2\/pages\/853","targetHints":{"allow":["GET"]}}],"collection":[{"href":"https:\/\/assamangal.com\/index.php?rest_route=\/wp\/v2\/pages"}],"about":[{"href":"https:\/\/assamangal.com\/index.php?rest_route=\/wp\/v2\/types\/page"}],"author":[{"embeddable":true,"href":"https:\/\/assamangal.com\/index.php?rest_route=\/wp\/v2\/users\/1"}],"replies":[{"embeddable":true,"href":"https:\/\/assamangal.com\/index.php?rest_route=%2Fwp%2Fv2%2Fcomments&post=853"}],"version-history":[{"count":16,"href":"https:\/\/assamangal.com\/index.php?rest_route=\/wp\/v2\/pages\/853\/revisions"}],"predecessor-version":[{"id":1020,"href":"https:\/\/assamangal.com\/index.php?rest_route=\/wp\/v2\/pages\/853\/revisions\/1020"}],"wp:attachment":[{"href":"https:\/\/assamangal.com\/index.php?rest_route=%2Fwp%2Fv2%2Fmedia&parent=853"}],"curies":[{"name":"wp","href":"https:\/\/api.w.org\/{rel}","templated":true}]}}