{"id":19,"date":"2018-04-21T08:43:19","date_gmt":"2018-04-21T08:43:19","guid":{"rendered":"http:\/\/wp3.commonsupport.com\/newwp\/metron\/?page_id=19"},"modified":"2022-04-06T09:34:23","modified_gmt":"2022-04-06T06:34:23","slug":"contact","status":"publish","type":"page","link":"https:\/\/assamangal.com\/?page_id=19","title":{"rendered":"\u0130leti\u015fim"},"content":{"rendered":"<p><section class=\"kc-elm kc-css-136702 kc_row\"><div class=\"kc-row-container\"><div class=\"kc-wrap-columns\"><div class=\"kc-elm kc-css-518509 kc_col-sm-12 kc_column kc_col-sm-12\"><div class=\"kc-col-container\"><section class=\"contact-section\">\r\n    <div class=\"auto-container\">\r\n\r\n        <!--Title Box-->\r\n        <div class=\"sec-title\">\r\n            <div class=\"clearfix\">\r\n                <div class=\"pull-left\">\r\n                    <h2>Bize Ula\u015f\u0131n<\/h2>\r\n                    <div class=\"separator\"><\/div>\r\n                <\/div>\r\n                <div class=\"text\">Formu doldurarak bizimle ileti\u015fime ge\u00e7ebilirsiniz.<\/div>\r\n            <\/div>\r\n        <\/div>\r\n\r\n        <div class=\"inner-container\">\r\n            <div class=\"clearfix\">\r\n\r\n                <!--Info Column-->\r\n                <div class=\"info-column col-md-4 col-sm-12 col-xs-12\">\r\n                    <div class=\"inner-column\">\r\n                        <div class=\"upper-box\">\r\n                            <ul class=\"list-style-three\">\r\n                                                                    <li><span class=\"icon flaticon-technology-2\"><\/span><strong>Telefon: <\/strong>0312 350 02 78<\/li>\r\n                                                                    <li><span class=\"icon flaticon-envelope-1\"><\/span><strong>e-Posta: <\/strong>info@assamangal.com<\/li>\r\n\r\n                                    <li><span class=\"icon flaticon-time-1\"><\/span><strong>\u00c7al\u0131\u015fma Saatlerimiz: <\/strong>Pazartesi -Cumartesi 08:30 - 18:30<\/li>\r\n\r\n                            <\/ul>\r\n                        <\/div>\r\n                        <div class=\"lower-box\">\r\n                            <div class=\"lower-inner\">\r\n                                <div class=\"image\">\r\n                                    <img decoding=\"async\" src=\"\" alt=\"Author Image\" \/>\r\n                                <\/div>\r\n                                <h3><\/h3>\r\n                                <div class=\"designation\"><\/div>\r\n                                <div class=\"emailed\"><\/div>\r\n                            <\/div>\r\n                        <\/div>\r\n                    <\/div>\r\n                <\/div>\r\n\r\n                <!--Form Column-->\r\n                <div class=\"form-column col-md-8 col-sm-12 col-xs-12\">\r\n                    <div class=\"inner-column\">\r\n\r\n                        <!-- Contact Form -->\r\n                        <div class=\"contact-form\">\r\n                            <!--Default Form-->\r\n\r\n                            \r\n                                <div role=\"form\" class=\"wpcf7\" id=\"wpcf7-f595-o1\" lang=\"en-US\" dir=\"ltr\">\n<div class=\"screen-reader-response\"><p role=\"status\" aria-live=\"polite\" aria-atomic=\"true\"><\/p> <ul><\/ul><\/div>\n<form action=\"\/index.php?rest_route=%2Fwp%2Fv2%2Fpages%2F19#wpcf7-f595-o1\" method=\"post\" class=\"wpcf7-form init\" novalidate=\"novalidate\" data-status=\"init\">\n<div style=\"display: none;\">\n<input type=\"hidden\" name=\"_wpcf7\" value=\"595\" \/>\n<input type=\"hidden\" name=\"_wpcf7_version\" value=\"5.5.6\" \/>\n<input type=\"hidden\" name=\"_wpcf7_locale\" value=\"en_US\" \/>\n<input type=\"hidden\" name=\"_wpcf7_unit_tag\" value=\"wpcf7-f595-o1\" \/>\n<input type=\"hidden\" name=\"_wpcf7_container_post\" value=\"0\" \/>\n<input type=\"hidden\" name=\"_wpcf7_posted_data_hash\" value=\"\" \/>\n<\/div>\n<div class=\"row clearfix\">\n<div class=\"col-md-6 col-sm-6 col-xs-12 form-group\"><span class=\"wpcf7-form-control-wrap text-519\"><input type=\"text\" name=\"text-519\" value=\"\" size=\"40\" class=\"wpcf7-form-control wpcf7-text wpcf7-validates-as-required\" aria-required=\"true\" aria-invalid=\"false\" placeholder=\"Ad Soyad\" \/><\/span><\/div>\n<div class=\"col-md-6 col-sm-6 col-xs-12 form-group\"><span class=\"wpcf7-form-control-wrap email-441\"><input type=\"email\" name=\"email-441\" value=\"\" size=\"40\" class=\"wpcf7-form-control wpcf7-text wpcf7-email wpcf7-validates-as-required wpcf7-validates-as-email\" aria-required=\"true\" aria-invalid=\"false\" placeholder=\"E-Posta\" \/><\/span><\/div>\n<div class=\"col-md-6 col-sm-6 col-xs-12 form-group\"><span class=\"wpcf7-form-control-wrap text-520\"><input type=\"text\" name=\"text-520\" value=\"\" size=\"40\" class=\"wpcf7-form-control wpcf7-text wpcf7-validates-as-required\" aria-required=\"true\" aria-invalid=\"false\" placeholder=\"Telefon\" \/><\/span><\/div>\n<div class=\"col-md-6 col-sm-6 col-xs-12 form-group\"><span class=\"wpcf7-form-control-wrap text-521\"><input type=\"text\" name=\"text-521\" value=\"\" size=\"40\" class=\"wpcf7-form-control wpcf7-text wpcf7-validates-as-required\" aria-required=\"true\" aria-invalid=\"false\" placeholder=\"Firma Ad\u0131\" \/><\/span><\/div>\n<div class=\"col-lg-12 col-md-12 col-sm-12 col-xs-12 form-group\"><span class=\"wpcf7-form-control-wrap textarea-487\"><textarea name=\"textarea-487\" cols=\"40\" rows=\"10\" class=\"wpcf7-form-control wpcf7-textarea wpcf7-validates-as-required\" aria-required=\"true\" aria-invalid=\"false\" placeholder=\"Mesaj\u0131n\u0131z\"><\/textarea><\/span><\/div>\n<div class=\"col-lg-12 col-md-12 col-sm-12 col-xs-12 form-group\"><input type=\"submit\" value=\"G\u00f6nder\" class=\"wpcf7-form-control has-spinner wpcf7-submit theme-btn submit-btn\" \/><\/div>\n<\/div>\n<div class=\"wpcf7-response-output\" aria-hidden=\"true\"><\/div><\/form><\/div>\r\n                            \r\n                        <\/div>\r\n                        <!--End Contact Form -->\r\n\r\n                    <\/div>\r\n                <\/div>\r\n\r\n            <\/div>\r\n        <\/div>\r\n    <\/div>\r\n<\/section>\r\n<\/div><\/div><\/div><\/div><\/section><section class=\"kc-elm kc-css-442098 kc_row\"><div class=\"kc-row-container\"><div class=\"kc-wrap-columns\"><div class=\"kc-elm kc-css-70216 kc_col-sm-12 kc_column kc_col-sm-12\"><div class=\"kc-col-container\"><div class=\"kc-elm kc-css-591215 kc_google_maps kc_shortcode\"><div style=\"height: 350px\" class=\"kc-google-maps\"><iframe src=\"https:\/\/www.google.com\/maps\/embed?pb=!1m18!1m12!1m3!1d48937.340081356!2d32.835570938501036!3d39.95069943522024!2m3!1f0!2f0!3f0!3m2!1i1024!2i768!4f13.1!3m3!1m2!1s0x14d34df9b5b5a15d%3A0x16883b3cdf42fff!2zWWFzaW4gSXPEsSBTYW5heWkgVGljYXJldCBMdGQuIMWedGkuIC9Bc3NhIE1hbmdhbCBLw7Ztw7xyw7wgdmUgTWFuZ2FsbGFyxLEsIFNvYmEsIFNvYmEgS8O2bcO8cmxlcmk!5e0!3m2!1str!2str!4v1649168667827!5m2!1str!2str\" width=\"100%\" height=\"350\" style=\"border:0;\" allowfullscreen=\"\" loading=\"lazy\" referrerpolicy=\"no-referrer-when-downgrade\"><\/iframe><\/div><\/div><\/div><\/div><\/div><\/div><\/section><\/p>\n","protected":false},"excerpt":{"rendered":"","protected":false},"author":1,"featured_media":0,"parent":0,"menu_order":0,"comment_status":"closed","ping_status":"closed","template":"tpl-contact_us.php","meta":{"footnotes":""},"class_list":["post-19","page","type-page","status-publish","hentry"],"_links":{"self":[{"href":"https:\/\/assamangal.com\/index.php?rest_route=\/wp\/v2\/pages\/19","targetHints":{"allow":["GET"]}}],"collection":[{"href":"https:\/\/assamangal.com\/index.php?rest_route=\/wp\/v2\/pages"}],"about":[{"href":"https:\/\/assamangal.com\/index.php?rest_route=\/wp\/v2\/types\/page"}],"author":[{"embeddable":true,"href":"https:\/\/assamangal.com\/index.php?rest_route=\/wp\/v2\/users\/1"}],"replies":[{"embeddable":true,"href":"https:\/\/assamangal.com\/index.php?rest_route=%2Fwp%2Fv2%2Fcomments&post=19"}],"version-history":[{"count":25,"href":"https:\/\/assamangal.com\/index.php?rest_route=\/wp\/v2\/pages\/19\/revisions"}],"predecessor-version":[{"id":1035,"href":"https:\/\/assamangal.com\/index.php?rest_route=\/wp\/v2\/pages\/19\/revisions\/1035"}],"wp:attachment":[{"href":"https:\/\/assamangal.com\/index.php?rest_route=%2Fwp%2Fv2%2Fmedia&parent=19"}],"curies":[{"name":"wp","href":"https:\/\/api.w.org\/{rel}","templated":true}]}}