{"id":1210,"date":"2022-04-16T07:53:51","date_gmt":"2022-04-16T04:53:51","guid":{"rendered":"http:\/\/assamangal.com\/?page_id=1210"},"modified":"2022-04-16T07:54:29","modified_gmt":"2022-04-16T04:54:29","slug":"mangal-cesitleri","status":"publish","type":"page","link":"https:\/\/assamangal.com\/?page_id=1210","title":{"rendered":"Mangal \u00c7e\u015fitleri"},"content":{"rendered":"<section class=\"kc-elm kc-css-721368 kc_row\"><div class=\"kc-row-container  kc-container\"><div class=\"kc-wrap-columns\"><div class=\"kc-elm kc-css-113901 kc_col-sm-12 kc_column kc_col-sm-12\"><div class=\"kc-col-container\">\r\n<!--Market Section Four-->\r\n<section class=\"market-section-four\">\r\n    <div class=\"auto-container\">\r\n\r\n                <div class=\"row clearfix\">\r\n                            <!--Market Block-->\r\n                <div class=\"market-block-four col-lg-3 col-md-6 col-sm-6 col-xs-12\">\r\n                    <div class=\"inner-box\">\r\n                        <div class=\"image\">\r\n                            <a href=\"\">\r\n                                <img loading=\"lazy\" decoding=\"async\" width=\"270\" height=\"240\" src=\"https:\/\/assamangal.com\/wp-content\/uploads\/2022\/04\/fatih-1-270x240.jpg\" class=\"img-responsive wp-post-image\" alt=\"\" \/>                            <\/a>\r\n                        <\/div>\r\n                        <div class=\"lower-content\">\r\n                            <div class=\"icon-box\">\r\n                                <span class=\"icon \"><\/span>\r\n                            <\/div>\r\n                            <h3><a href=\"\">Fatih 01 Emaye Mangal 28*38<\/a><\/h3>\r\n                            <div class=\"text\"><\/div>\r\n                            <a class=\"link-box\" href=\"\">0312 350 02 78 <span class=\"icon flaticon-arrow-pointing-to-right\"><\/span><\/a>\r\n                        <\/div>\r\n                    <\/div>\r\n                <\/div>\r\n\r\n                            <!--Market Block-->\r\n                <div class=\"market-block-four col-lg-3 col-md-6 col-sm-6 col-xs-12\">\r\n                    <div class=\"inner-box\">\r\n                        <div class=\"image\">\r\n                            <a href=\"\">\r\n                                <img loading=\"lazy\" decoding=\"async\" width=\"270\" height=\"240\" src=\"https:\/\/assamangal.com\/wp-content\/uploads\/2022\/04\/fatih-2-270x240.jpg\" class=\"img-responsive wp-post-image\" alt=\"\" \/>                            <\/a>\r\n                        <\/div>\r\n                        <div class=\"lower-content\">\r\n                            <div class=\"icon-box\">\r\n                                <span class=\"icon \"><\/span>\r\n                            <\/div>\r\n                            <h3><a href=\"\">Fatih 02 Emaye Mangal 28*45<\/a><\/h3>\r\n                            <div class=\"text\"><\/div>\r\n                            <a class=\"link-box\" href=\"\">0312 350 02 78 <span class=\"icon flaticon-arrow-pointing-to-right\"><\/span><\/a>\r\n                        <\/div>\r\n                    <\/div>\r\n                <\/div>\r\n\r\n                            <!--Market Block-->\r\n                <div class=\"market-block-four col-lg-3 col-md-6 col-sm-6 col-xs-12\">\r\n                    <div class=\"inner-box\">\r\n                        <div class=\"image\">\r\n                            <a href=\"\">\r\n                                <img loading=\"lazy\" decoding=\"async\" width=\"270\" height=\"240\" src=\"https:\/\/assamangal.com\/wp-content\/uploads\/2022\/04\/fatih-3-270x240.jpg\" class=\"img-responsive wp-post-image\" alt=\"\" \/>                            <\/a>\r\n                        <\/div>\r\n                        <div class=\"lower-content\">\r\n                            <div class=\"icon-box\">\r\n                                <span class=\"icon \"><\/span>\r\n                            <\/div>\r\n                            <h3><a href=\"\">Fatih 03 Emaye Mangal 33*50<\/a><\/h3>\r\n                            <div class=\"text\"><\/div>\r\n                            <a class=\"link-box\" href=\"\">0312 350 02 78 <span class=\"icon flaticon-arrow-pointing-to-right\"><\/span><\/a>\r\n                        <\/div>\r\n                    <\/div>\r\n                <\/div>\r\n\r\n                            <!--Market Block-->\r\n                <div class=\"market-block-four col-lg-3 col-md-6 col-sm-6 col-xs-12\">\r\n                    <div class=\"inner-box\">\r\n                        <div class=\"image\">\r\n                            <a href=\"\">\r\n                                <img loading=\"lazy\" decoding=\"async\" width=\"270\" height=\"240\" src=\"https:\/\/assamangal.com\/wp-content\/uploads\/2022\/04\/fatih-4-270x240.jpg\" class=\"img-responsive wp-post-image\" alt=\"\" \/>                            <\/a>\r\n                        <\/div>\r\n                        <div class=\"lower-content\">\r\n                            <div class=\"icon-box\">\r\n                                <span class=\"icon \"><\/span>\r\n                            <\/div>\r\n                            <h3><a href=\"\">Fatih 04 Emaye Mangal 33*65<\/a><\/h3>\r\n                            <div class=\"text\"><\/div>\r\n                            <a class=\"link-box\" href=\"\">0312 350 02 78 <span class=\"icon flaticon-arrow-pointing-to-right\"><\/span><\/a>\r\n                        <\/div>\r\n                    <\/div>\r\n                <\/div>\r\n\r\n                            <!--Market Block-->\r\n                <div class=\"market-block-four col-lg-3 col-md-6 col-sm-6 col-xs-12\">\r\n                    <div class=\"inner-box\">\r\n                        <div class=\"image\">\r\n                            <a href=\"\">\r\n                                <img loading=\"lazy\" decoding=\"async\" width=\"270\" height=\"240\" src=\"https:\/\/assamangal.com\/wp-content\/uploads\/2022\/04\/El-Yapimi-Celik-270x240.jpg\" class=\"img-responsive wp-post-image\" alt=\"\" \/>                            <\/a>\r\n                        <\/div>\r\n                        <div class=\"lower-content\">\r\n                            <div class=\"icon-box\">\r\n                                <span class=\"icon \"><\/span>\r\n                            <\/div>\r\n                            <h3><a href=\"\">El Yap\u0131m\u0131 \u00c7ekmeceli \u00c7elik Mangal 40cm-50cm-60cm-80cm<\/a><\/h3>\r\n                            <div class=\"text\"><\/div>\r\n                            <a class=\"link-box\" href=\"\">0312 350 02 78 <span class=\"icon flaticon-arrow-pointing-to-right\"><\/span><\/a>\r\n                        <\/div>\r\n                    <\/div>\r\n                <\/div>\r\n\r\n                            <!--Market Block-->\r\n                <div class=\"market-block-four col-lg-3 col-md-6 col-sm-6 col-xs-12\">\r\n                    <div class=\"inner-box\">\r\n                        <div class=\"image\">\r\n                            <a href=\"\">\r\n                                <img loading=\"lazy\" decoding=\"async\" width=\"270\" height=\"240\" src=\"https:\/\/assamangal.com\/wp-content\/uploads\/2022\/04\/kofteci-1-270x240.jpg\" class=\"img-responsive wp-post-image\" alt=\"\" \/>                            <\/a>\r\n                        <\/div>\r\n                        <div class=\"lower-content\">\r\n                            <div class=\"icon-box\">\r\n                                <span class=\"icon \"><\/span>\r\n                            <\/div>\r\n                            <h3><a href=\"\">K\u00f6fteci Mangal 40cm<\/a><\/h3>\r\n                            <div class=\"text\"><\/div>\r\n                            <a class=\"link-box\" href=\"\">0312 350 02 78 <span class=\"icon flaticon-arrow-pointing-to-right\"><\/span><\/a>\r\n                        <\/div>\r\n                    <\/div>\r\n                <\/div>\r\n\r\n                            <!--Market Block-->\r\n                <div class=\"market-block-four col-lg-3 col-md-6 col-sm-6 col-xs-12\">\r\n                    <div class=\"inner-box\">\r\n                        <div class=\"image\">\r\n                            <a href=\"\">\r\n                                <img loading=\"lazy\" decoding=\"async\" width=\"270\" height=\"240\" src=\"https:\/\/assamangal.com\/wp-content\/uploads\/2022\/04\/kofteci-2-270x240.jpg\" class=\"img-responsive wp-post-image\" alt=\"\" \/>                            <\/a>\r\n                        <\/div>\r\n                        <div class=\"lower-content\">\r\n                            <div class=\"icon-box\">\r\n                                <span class=\"icon \"><\/span>\r\n                            <\/div>\r\n                            <h3><a href=\"\">K\u00f6fteci Mangal 45cm<\/a><\/h3>\r\n                            <div class=\"text\"><\/div>\r\n                            <a class=\"link-box\" href=\"\">0312 350 02 78 <span class=\"icon flaticon-arrow-pointing-to-right\"><\/span><\/a>\r\n                        <\/div>\r\n                    <\/div>\r\n                <\/div>\r\n\r\n                            <!--Market Block-->\r\n                <div class=\"market-block-four col-lg-3 col-md-6 col-sm-6 col-xs-12\">\r\n                    <div class=\"inner-box\">\r\n                        <div class=\"image\">\r\n                            <a href=\"\">\r\n                                <img loading=\"lazy\" decoding=\"async\" width=\"270\" height=\"240\" src=\"https:\/\/assamangal.com\/wp-content\/uploads\/2022\/04\/kofteci-3-270x240.jpg\" class=\"img-responsive wp-post-image\" alt=\"\" \/>                            <\/a>\r\n                        <\/div>\r\n                        <div class=\"lower-content\">\r\n                            <div class=\"icon-box\">\r\n                                <span class=\"icon \"><\/span>\r\n                            <\/div>\r\n                            <h3><a href=\"\">K\u00f6fteci Mangal 50cm<\/a><\/h3>\r\n                            <div class=\"text\"><\/div>\r\n                            <a class=\"link-box\" href=\"\">0312 350 02 78 <span class=\"icon flaticon-arrow-pointing-to-right\"><\/span><\/a>\r\n                        <\/div>\r\n                    <\/div>\r\n                <\/div>\r\n\r\n            \r\n        <\/div>\r\n\r\n        \r\n    <\/div>\r\n<\/section>\r\n<!--End Market Section Four-->\r\n\r\n<\/div><\/div><\/div><\/div><\/section>\n","protected":false},"excerpt":{"rendered":"","protected":false},"author":1,"featured_media":0,"parent":0,"menu_order":0,"comment_status":"closed","ping_status":"closed","template":"tpl-king_composer.php","meta":{"footnotes":""},"class_list":["post-1210","page","type-page","status-publish","hentry"],"_links":{"self":[{"href":"https:\/\/assamangal.com\/index.php?rest_route=\/wp\/v2\/pages\/1210","targetHints":{"allow":["GET"]}}],"collection":[{"href":"https:\/\/assamangal.com\/index.php?rest_route=\/wp\/v2\/pages"}],"about":[{"href":"https:\/\/assamangal.com\/index.php?rest_route=\/wp\/v2\/types\/page"}],"author":[{"embeddable":true,"href":"https:\/\/assamangal.com\/index.php?rest_route=\/wp\/v2\/users\/1"}],"replies":[{"embeddable":true,"href":"https:\/\/assamangal.com\/index.php?rest_route=%2Fwp%2Fv2%2Fcomments&post=1210"}],"version-history":[{"count":2,"href":"https:\/\/assamangal.com\/index.php?rest_route=\/wp\/v2\/pages\/1210\/revisions"}],"predecessor-version":[{"id":1212,"href":"https:\/\/assamangal.com\/index.php?rest_route=\/wp\/v2\/pages\/1210\/revisions\/1212"}],"wp:attachment":[{"href":"https:\/\/assamangal.com\/index.php?rest_route=%2Fwp%2Fv2%2Fmedia&parent=1210"}],"curies":[{"name":"wp","href":"https:\/\/api.w.org\/{rel}","templated":true}]}}